{"id":936,"date":"2021-05-10T12:20:19","date_gmt":"2021-05-10T12:20:19","guid":{"rendered":"https:\/\/www.zapconcepts.com\/?page_id=936"},"modified":"2021-09-01T12:14:26","modified_gmt":"2021-09-01T12:14:26","slug":"acerca-de","status":"publish","type":"page","link":"https:\/\/www.zapconcepts.com\/es\/acerca-de\/","title":{"rendered":"Acerca de"},"content":{"rendered":"<p class=\"p1\">Desarrollamos nuestro trabajo en festivales y conciertos, eventos corporativos y deportivos, zonas de entrenamiento, transmisiones televisivas o por streaming, construcci\u00f3n y obras, etc.<\/p>\n<p class=\"p1\">Nuestros clientes son administraciones p\u00fablicas, promotores y organizadores de eventos.<\/p>\n<p class=\"p1\">Esto lo conseguimos mediante nuestro enfoque \u00fanico, denominado Smart Power Plan, fruto de la experiencia acumulada durante muchos a\u00f1os y muchos festivales.<span class=\"Apple-converted-space\">\u00a0<\/span><\/p>\n<p class=\"p1\">Seg\u00fan las necesidades energ\u00e9ticas de cada caso, dise\u00f1amos su Smart Power Plan que incluye la justificaci\u00f3n econ\u00f3mica, a partir de las diferentes fuentes de alimentaci\u00f3n que se necesiten en el evento, bien sean fijas o temporales. <span class=\"Apple-converted-space\">\u00a0<\/span><\/p>\n<p class=\"p1\">En ZAP Concepts podemos asumir el papel de titulares del proyecto, si as\u00ed se desea,<span class=\"Apple-converted-space\">\u00a0 <\/span>y llevar a cabo todas las gestiones necesarias con la administraci\u00f3n, etc.<span class=\"Apple-converted-space\">\u00a0<\/span><\/p>\n<p class=\"p2\">Ofrecemos asesoramiento t\u00e9cnico e implementaci\u00f3n ejecutiva en el desarrollo de un plan energ\u00e9tico innovador. Proporcionamos consejos pr\u00e1cticos, pero tambi\u00e9n tendemos un puente entre los desarrolladores t\u00e9cnicos y los productores de festivales y eventos para dirigir pruebas piloto con \u00e9xito.<span class=\"Apple-converted-space\">\u00a0<\/span><\/p>\n<p class=\"p2\">Finalmente, ofrecemos regularmente talleres interactivos que se centran en compartir nuestros conocimientos y experiencias con todo el sector, as\u00ed como la poderosa gu\u00eda <a href=\"https:\/\/issuu.com\/icec_generalitat\/docs\/powerful_thinking\" target=\"_blank\" rel=\"noopener\"><i><span style=\"text-decoration: underline;\"><strong>Powerful thinking<\/strong><\/span><\/i><\/a>, referencia energ\u00e9tica de los festivales de Europa.<\/p>\n","protected":false},"excerpt":{"rendered":"<p>Desarrollamos nuestro trabajo en festivales y conciertos, eventos corporativos y deportivos, zonas de entrenamiento, transmisiones [&hellip;]<\/p>\n","protected":false},"author":1,"featured_media":0,"parent":0,"menu_order":0,"comment_status":"closed","ping_status":"closed","template":"","meta":{"footnotes":""},"class_list":["post-936","page","type-page","status-publish","hentry"],"_links":{"self":[{"href":"https:\/\/www.zapconcepts.com\/es\/wp-json\/wp\/v2\/pages\/936","targetHints":{"allow":["GET"]}}],"collection":[{"href":"https:\/\/www.zapconcepts.com\/es\/wp-json\/wp\/v2\/pages"}],"about":[{"href":"https:\/\/www.zapconcepts.com\/es\/wp-json\/wp\/v2\/types\/page"}],"author":[{"embeddable":true,"href":"https:\/\/www.zapconcepts.com\/es\/wp-json\/wp\/v2\/users\/1"}],"replies":[{"embeddable":true,"href":"https:\/\/www.zapconcepts.com\/es\/wp-json\/wp\/v2\/comments?post=936"}],"version-history":[{"count":4,"href":"https:\/\/www.zapconcepts.com\/es\/wp-json\/wp\/v2\/pages\/936\/revisions"}],"predecessor-version":[{"id":970,"href":"https:\/\/www.zapconcepts.com\/es\/wp-json\/wp\/v2\/pages\/936\/revisions\/970"}],"wp:attachment":[{"href":"https:\/\/www.zapconcepts.com\/es\/wp-json\/wp\/v2\/media?parent=936"}],"curies":[{"name":"wp","href":"https:\/\/api.w.org\/{rel}","templated":true}]}}